{"id":212,"date":"2015-02-02T15:26:28","date_gmt":"2015-02-02T15:26:28","guid":{"rendered":"http:\/\/monclubsportif.com\/kb\/?page_id=212"},"modified":"2018-08-15T10:59:58","modified_gmt":"2018-08-15T14:59:58","slug":"base-de-connaisance","status":"publish","type":"page","link":"https:\/\/monclubsportif.com\/kb\/","title":{"rendered":"Base de connaisance"},"content":{"rendered":"","protected":false},"excerpt":{"rendered":"","protected":false},"author":2,"featured_media":0,"parent":0,"menu_order":0,"comment_status":"open","ping_status":"open","template":"template_home.php","meta":{"inline_featured_image":false},"acf":[],"yoast_head":"<!-- This site is optimized with the Yoast SEO plugin v21.0 - https:\/\/yoast.com\/wordpress\/plugins\/seo\/ -->\n<title>Base de connaisance - MonClubSportif<\/title>\n<meta name=\"description\" content=\"Consultez notre base de connaissances pour r\u00e9pondre \u00e0 toutes vos questions concernant l&#039;utilisation de l&#039;application. Ces articles vous pr\u00e9sentent les marches \u00e0 suivre les plus importantes pour une utilisation optimale\" \/>\n<meta name=\"robots\" content=\"index, follow, max-snippet:-1, max-image-preview:large, max-video-preview:-1\" \/>\n<link rel=\"canonical\" href=\"https:\/\/monclubsportif.com\/kb\/\" \/>\n<meta property=\"og:locale\" content=\"fr_FR\" \/>\n<meta property=\"og:type\" content=\"article\" \/>\n<meta property=\"og:title\" content=\"Base de connaisance - MonClubSportif\" \/>\n<meta property=\"og:description\" content=\"Consultez notre base de connaissances pour r\u00e9pondre \u00e0 toutes vos questions concernant l&#039;utilisation de l&#039;application. Ces articles vous pr\u00e9sentent les marches \u00e0 suivre les plus importantes pour une utilisation optimale\" \/>\n<meta property=\"og:url\" content=\"https:\/\/monclubsportif.com\/kb\/\" \/>\n<meta property=\"og:site_name\" content=\"Knowledge Base\" \/>\n<meta property=\"article:modified_time\" content=\"2018-08-15T14:59:58+00:00\" \/>\n<script type=\"application\/ld+json\" class=\"yoast-schema-graph\">{\"@context\":\"https:\/\/schema.org\",\"@graph\":[{\"@type\":\"WebPage\",\"@id\":\"https:\/\/monclubsportif.com\/kb\/\",\"url\":\"https:\/\/monclubsportif.com\/kb\/\",\"name\":\"Base de connaisance - MonClubSportif\",\"isPartOf\":{\"@id\":\"https:\/\/monclubsportif.com\/kb\/#website\"},\"datePublished\":\"2015-02-02T15:26:28+00:00\",\"dateModified\":\"2018-08-15T14:59:58+00:00\",\"description\":\"Consultez notre base de connaissances pour r\u00e9pondre \u00e0 toutes vos questions concernant l'utilisation de l'application. Ces articles vous pr\u00e9sentent les marches \u00e0 suivre les plus importantes pour une utilisation optimale\",\"breadcrumb\":{\"@id\":\"https:\/\/monclubsportif.com\/kb\/#breadcrumb\"},\"inLanguage\":\"fr-FR\",\"potentialAction\":[{\"@type\":\"ReadAction\",\"target\":[\"https:\/\/monclubsportif.com\/kb\/\"]}]},{\"@type\":\"BreadcrumbList\",\"@id\":\"https:\/\/monclubsportif.com\/kb\/#breadcrumb\",\"itemListElement\":[{\"@type\":\"ListItem\",\"position\":1,\"name\":\"Accueil\",\"item\":\"https:\/\/monclubsportif.com\/kb\/\"},{\"@type\":\"ListItem\",\"position\":2,\"name\":\"Base de connaisance\"}]},{\"@type\":\"WebSite\",\"@id\":\"https:\/\/monclubsportif.com\/kb\/#website\",\"url\":\"https:\/\/monclubsportif.com\/kb\/\",\"name\":\"Knowledge Base\",\"description\":\"\",\"potentialAction\":[{\"@type\":\"SearchAction\",\"target\":{\"@type\":\"EntryPoint\",\"urlTemplate\":\"https:\/\/monclubsportif.com\/kb\/?s={search_term_string}\"},\"query-input\":\"required name=search_term_string\"}],\"inLanguage\":\"fr-FR\"}]}<\/script>\n<!-- \/ Yoast SEO plugin. -->","yoast_head_json":{"title":"Base de connaisance - MonClubSportif","description":"Consultez notre base de connaissances pour r\u00e9pondre \u00e0 toutes vos questions concernant l'utilisation de l'application. Ces articles vous pr\u00e9sentent les marches \u00e0 suivre les plus importantes pour une utilisation optimale","robots":{"index":"index","follow":"follow","max-snippet":"max-snippet:-1","max-image-preview":"max-image-preview:large","max-video-preview":"max-video-preview:-1"},"canonical":"https:\/\/monclubsportif.com\/kb\/","og_locale":"fr_FR","og_type":"article","og_title":"Base de connaisance - MonClubSportif","og_description":"Consultez notre base de connaissances pour r\u00e9pondre \u00e0 toutes vos questions concernant l'utilisation de l'application. Ces articles vous pr\u00e9sentent les marches \u00e0 suivre les plus importantes pour une utilisation optimale","og_url":"https:\/\/monclubsportif.com\/kb\/","og_site_name":"Knowledge Base","article_modified_time":"2018-08-15T14:59:58+00:00","schema":{"@context":"https:\/\/schema.org","@graph":[{"@type":"WebPage","@id":"https:\/\/monclubsportif.com\/kb\/","url":"https:\/\/monclubsportif.com\/kb\/","name":"Base de connaisance - MonClubSportif","isPartOf":{"@id":"https:\/\/monclubsportif.com\/kb\/#website"},"datePublished":"2015-02-02T15:26:28+00:00","dateModified":"2018-08-15T14:59:58+00:00","description":"Consultez notre base de connaissances pour r\u00e9pondre \u00e0 toutes vos questions concernant l'utilisation de l'application. Ces articles vous pr\u00e9sentent les marches \u00e0 suivre les plus importantes pour une utilisation optimale","breadcrumb":{"@id":"https:\/\/monclubsportif.com\/kb\/#breadcrumb"},"inLanguage":"fr-FR","potentialAction":[{"@type":"ReadAction","target":["https:\/\/monclubsportif.com\/kb\/"]}]},{"@type":"BreadcrumbList","@id":"https:\/\/monclubsportif.com\/kb\/#breadcrumb","itemListElement":[{"@type":"ListItem","position":1,"name":"Accueil","item":"https:\/\/monclubsportif.com\/kb\/"},{"@type":"ListItem","position":2,"name":"Base de connaisance"}]},{"@type":"WebSite","@id":"https:\/\/monclubsportif.com\/kb\/#website","url":"https:\/\/monclubsportif.com\/kb\/","name":"Knowledge Base","description":"","potentialAction":[{"@type":"SearchAction","target":{"@type":"EntryPoint","urlTemplate":"https:\/\/monclubsportif.com\/kb\/?s={search_term_string}"},"query-input":"required name=search_term_string"}],"inLanguage":"fr-FR"}]}},"_links":{"self":[{"href":"https:\/\/monclubsportif.com\/kb\/wp-json\/wp\/v2\/pages\/212"}],"collection":[{"href":"https:\/\/monclubsportif.com\/kb\/wp-json\/wp\/v2\/pages"}],"about":[{"href":"https:\/\/monclubsportif.com\/kb\/wp-json\/wp\/v2\/types\/page"}],"author":[{"embeddable":true,"href":"https:\/\/monclubsportif.com\/kb\/wp-json\/wp\/v2\/users\/2"}],"replies":[{"embeddable":true,"href":"https:\/\/monclubsportif.com\/kb\/wp-json\/wp\/v2\/comments?post=212"}],"version-history":[{"count":2,"href":"https:\/\/monclubsportif.com\/kb\/wp-json\/wp\/v2\/pages\/212\/revisions"}],"predecessor-version":[{"id":214,"href":"https:\/\/monclubsportif.com\/kb\/wp-json\/wp\/v2\/pages\/212\/revisions\/214"}],"wp:attachment":[{"href":"https:\/\/monclubsportif.com\/kb\/wp-json\/wp\/v2\/media?parent=212"}],"curies":[{"name":"wp","href":"https:\/\/api.w.org\/{rel}","templated":true}]}}